{"id":734,"date":"2022-02-20T09:11:52","date_gmt":"2022-02-20T09:11:52","guid":{"rendered":"https:\/\/startersites.io\/stagingthree\/?page_id=734"},"modified":"2025-08-12T08:56:53","modified_gmt":"2025-08-12T08:56:53","slug":"home-old","status":"publish","type":"page","link":"https:\/\/cjlaflenne.be\/index.php\/home-old\/","title":{"rendered":"Home old"},"content":{"rendered":"\n<div class=\"wp-block-stackable-columns alignfull stk-block-columns stk-block stk-ea915db stk-block-background stk--has-background-overlay\" data-block-id=\"ea915db\"><style>.stk-ea915db {background-image:url(https:\/\/cjlaflenne.be\/wp-content\/uploads\/2025\/07\/ChatGPT-Image-31-juil.-2025-14_30_22.png) !important;padding-top:280px !important;padding-bottom:280px !important;margin-bottom:0px !important;}.stk-ea915db:before{background-color:#000000 !important;opacity:0.5 !important;}@media screen and (max-width:999px){.stk-ea915db {padding-top:200px !important;padding-bottom:250px !important;}}@media screen and (max-width:689px){.stk-ea915db {padding-top:150px !important;padding-bottom:200px !important;}}<\/style><div class=\"stk-row stk-inner-blocks has-text-align-center stk-block-content stk-content-align stk-ea915db-column\">\n<div class=\"wp-block-stackable-column stk-block-column stk-column stk-block stk-13ce343\" data-v=\"4\" data-block-id=\"13ce343\"><div class=\"stk-column-wrapper stk-block-column__content stk-container stk-13ce343-container stk--no-background stk--no-padding\"><div class=\"stk-block-content stk-inner-blocks stk-13ce343-inner-blocks\">\n<div class=\"wp-block-stackable-heading stk-block-heading stk-block-heading--v2 stk-block stk-273f963\" id=\"bienvenue-au-centre-des-jeunes-de-la-flenne\" data-block-id=\"273f963\"><style>.stk-273f963 {margin-bottom:16px !important;}.stk-273f963 .stk-block-heading__text{font-size:40px !important;color:var(--theme-palette-color-8, #ffffff) !important;line-height:1.5em !important;}@media screen and (max-width:999px){.stk-273f963 .stk-block-heading__text{font-size:40px !important;}}<\/style><h2 class=\"stk-block-heading__text has-text-color has-palette-color-8-color\">Bienvenue au Centre des Jeunes de La Flenne !<\/h2><\/div>\n\n\n\n<div class=\"wp-block-stackable-text stk-block-text stk-block stk-bd90787\" data-block-id=\"bd90787\"><style>.stk-bd90787 {max-width:1000px !important;min-width:auto !important;margin-right:auto !important;margin-bottom:60px !important;margin-left:auto !important;}.stk-bd90787 .stk-block-text__text{color:var(--theme-palette-color-8, #ffffff) !important;}<\/style><p class=\"stk-block-text__text has-text-color has-palette-color-8-color\">Un lieu d\u2019expression, de rencontres, d\u2019activit\u00e9s et de d\u00e9tente pour les jeunes de 12 \u00e0 26 ans.<br>Viens d\u00e9couvrir nos ateliers cr\u00e9atifs, sportifs, nos stages th\u00e9matiques, <br>ou tout simplement te poser avec tes potes dans un espace chill et accueillant.<\/p><\/div>\n\n\n\n<p class=\"has-palette-color-8-color has-text-color has-link-color wp-elements-f391d0405a4eab09f45e655a496b1a9e\">\ud83c\udfaf Activit\u00e9s vari\u00e9es \u2013 \ud83e\uddd1\u200d\ud83e\udd1d\u200d\ud83e\uddd1 Encadrement pro \u2013 \ud83d\udccd \u00c0 Fl\u00e9nu<\/p>\n\n\n\n<div class=\"wp-block-stackable-button-group stk-block-button-group stk-block stk-743ddb6\" data-block-id=\"743ddb6\"><div class=\"stk-row stk-inner-blocks stk-block-content stk-button-group\">\n<div class=\"wp-block-stackable-button stk-block-button stk-block stk-ad610b2\" data-block-id=\"ad610b2\"><style>.stk-ad610b2 .stk-button{padding-top:12px !important;padding-right:30px !important;padding-bottom:12px !important;padding-left:30px !important;border-top-left-radius:3px !important;border-top-right-radius:3px !important;border-bottom-right-radius:3px !important;border-bottom-left-radius:3px !important;}.stk-ad610b2 .stk-button__inner-text{font-size:1.15em !important;color:var(--theme-palette-color-4, #111518) !important;}@media screen and (max-width:999px){.stk-ad610b2 .stk-button__inner-text{font-size:1.15em !important;}}<\/style><a class=\"stk-link stk-button stk--hover-effect-darken\" href=\"#agenda\"><span class=\"has-text-color has-palette-color-4-color stk-button__inner-text\">\ud83d\udcc5 Voir l\u2019agenda<\/span><\/a><\/div>\n\n\n\n<div class=\"wp-block-stackable-button stk-block-button stk-block stk-a67db77\" data-block-id=\"a67db77\"><style>.stk-a67db77 .stk-button{padding-top:12px !important;padding-right:30px !important;padding-bottom:12px !important;padding-left:30px !important;background:var(--theme-palette-color-4, #111518) !important;border-top-left-radius:3px !important;border-top-right-radius:3px !important;border-bottom-right-radius:3px !important;border-bottom-left-radius:3px !important;}.stk-a67db77 .stk-button__inner-text{font-size:1.15em !important;color:var(--theme-palette-color-8, #ffffff) !important;}@media screen and (max-width:999px){.stk-a67db77 .stk-button__inner-text{font-size:1.15em !important;}}<\/style><a class=\"stk-link stk-button stk--hover-effect-darken\" href=\"#\"><span class=\"has-text-color has-palette-color-8-color stk-button__inner-text\">\ud83d\udcac Nous contacter<\/span><\/a><\/div>\n\n\n\n<div class=\"wp-block-stackable-button stk-block-button stk-block stk-c921ecf\" data-block-id=\"c921ecf\"><style>.stk-c921ecf .stk-button{padding-top:12px !important;padding-right:30px !important;padding-bottom:12px !important;padding-left:30px !important;background:var(--theme-palette-color-4, #111518) !important;border-top-left-radius:3px !important;border-top-right-radius:3px !important;border-bottom-right-radius:3px !important;border-bottom-left-radius:3px !important;}.stk-c921ecf .stk-button__inner-text{font-size:1.15em !important;color:var(--theme-palette-color-8, #ffffff) !important;}@media screen and (max-width:999px){.stk-c921ecf .stk-button__inner-text{font-size:1.15em !important;}}<\/style><a class=\"stk-link stk-button stk--hover-effect-darken\" href=\"#\"><span class=\"has-text-color has-palette-color-8-color stk-button__inner-text\">\ud83d\udcf8 Galerie photos<\/span><\/a><\/div>\n<\/div><\/div>\n<\/div><\/div><\/div>\n<\/div><\/div>\n\n\n\n<div class=\"wp-block-stackable-columns stk-block-columns stk-block stk-d8b9871 stk-block-background\" data-block-id=\"d8b9871\"><style>.stk-d8b9871 {background-color:var(--theme-palette-color-8, #ffffff) !important;border-radius:5px !important;overflow:hidden !important;box-shadow:0px 20px 80px 0px #c1c7d44d !important;padding-top:60px !important;padding-right:40px !important;padding-bottom:60px !important;padding-left:40px !important;margin-top:-100px !important;margin-bottom:0px !important;}.stk-d8b9871:before{background-color:var(--theme-palette-color-8, #ffffff) !important;}.stk-d8b9871-column{--stk-column-gap:35px !important;}<\/style><div class=\"stk-row stk-inner-blocks stk-block-content stk-content-align stk-d8b9871-column\">\n<div class=\"wp-block-stackable-column stk-block-column stk-column stk-block stk-0decc31\" data-v=\"4\" data-block-id=\"0decc31\"><style>.stk-0decc31-container{margin-top:0px !important;margin-right:0px !important;margin-bottom:0px !important;margin-left:0px !important;}<\/style><div class=\"stk-column-wrapper stk-block-column__content stk-container stk-0decc31-container stk--no-background stk--no-padding\"><div class=\"stk-block-content stk-inner-blocks stk-0decc31-inner-blocks\">\n<h2 class=\"wp-block-heading\">\ud83e\uddd1\u200d\ud83e\udd1d\u200d\ud83e\uddd1 Qui sommes-nous ?<\/h2>\n\n\n\n<p class=\"has-palette-color-4-color has-text-color has-link-color wp-elements-ea5067da856bd8ad66491d8edc7e5f50\">La Maison de Jeunes \u201cLa Flenne\u201d propose des activit\u00e9s <strong>culturelles, sportives et de loisirs<\/strong>, ainsi que des <strong>stages<\/strong> et <strong>semaines \u00e0 th\u00e8me<\/strong> durant les cong\u00e9s scolaires (\u00e0 partir de 9 ans). C\u2019est aussi un <strong>espace d\u2019accueil libre<\/strong> pour les jeunes de 12 \u00e0 26 ans.<\/p>\n\n\n\n<p class=\"has-palette-color-4-color has-text-color has-link-color wp-elements-19b7fda297abdbbf9a1931eada10b4fd\">\ud83c\udfae PS4 \u2013 \u26bd Terrain de foot \u2013 \ud83c\udfb1 Billard \u2013 \ud83c\udfd3 Ping-pong \u2013 \ud83c\udfaf Kicker<\/p>\n<\/div><\/div><\/div>\n<\/div><\/div>\n\n\n\n<div class=\"wp-block-stackable-spacer stk-block-spacer stk--no-padding stk-block stk-6a8268d\" data-block-id=\"6a8268d\"><style>.stk-6a8268d {height:130px !important;}@media screen and (max-width:999px){.stk-6a8268d {height:80px !important;}}<\/style><\/div>\n\n\n\n<div class=\"wp-block-stackable-heading stk-block-heading stk-block-heading--v2 stk-block stk-45e6a53\" id=\"span-style-color-var-theme-palette-color-4-111518-class-stk-highlight-\ud83c\udfaf-nos-activites-span\" data-block-id=\"45e6a53\"><style>.stk-45e6a53 {margin-bottom:16px !important;}.stk-45e6a53 .stk-block-heading__text{line-height:1.2em !important;}<\/style><h2 class=\"stk-block-heading__text has-text-align-center\"><span style=\"color: var(--theme-palette-color-4, #111518);\" class=\"stk-highlight\">\ud83c\udfaf Nos activit\u00e9s<\/span><\/h2><\/div>\n\n\n\n<div class=\"wp-block-stackable-columns stk-block-columns stk-block stk-4e62674\" data-block-id=\"4e62674\"><div class=\"stk-row stk-inner-blocks stk-block-content stk-content-align stk-4e62674-column\">\n<div class=\"wp-block-stackable-column stk-block-column stk-column stk-block stk-d00f5ff\" data-v=\"4\" data-block-id=\"d00f5ff\"><div class=\"stk-column-wrapper stk-block-column__content stk-container stk-d00f5ff-container stk--no-background stk--no-padding\"><div class=\"stk-block-content stk-inner-blocks stk-d00f5ff-inner-blocks\">\n<div class=\"wp-block-stackable-text stk-block-text stk-block stk-6625e75\" data-block-id=\"6625e75\"><p class=\"stk-block-text__text\"><strong><span style=\"color: var(--theme-palette-color-4, #111518);\" class=\"stk-highlight\">Activit\u00e9s sportives<\/span><\/strong><\/p><\/div>\n\n\n\n<p class=\"has-palette-color-4-color has-text-color has-link-color wp-elements-a626c89a8245a255ed7ac89165188c91\">\ud83c\udfbd Stages multisport<\/p>\n\n\n\n<p class=\"has-palette-color-4-color has-text-color has-link-color wp-elements-a3e1b4b93c8402a70daf6ace2c63b2c0\">\u26bd Football<\/p>\n\n\n\n<p class=\"has-palette-color-4-color has-text-color has-link-color wp-elements-1848d03e4eab89c502508eaf6603dd73\">\ud83e\udd4a Boxe<\/p>\n\n\n\n<p class=\"has-palette-color-4-color has-text-color has-link-color wp-elements-195653b8ceeb89f51a8ce1be545bb3c9\">\ud83d\udcaa Fitness<\/p>\n<\/div><\/div><\/div>\n\n\n\n<div class=\"wp-block-stackable-column stk-block-column stk-column stk-block stk-b8f4af3\" data-v=\"4\" data-block-id=\"b8f4af3\"><div class=\"stk-column-wrapper stk-block-column__content stk-container stk-b8f4af3-container stk--no-background stk--no-padding\"><div class=\"stk-block-content stk-inner-blocks stk-b8f4af3-inner-blocks\">\n<div class=\"wp-block-stackable-text stk-block-text stk-block stk-55b657d\" data-block-id=\"55b657d\"><p class=\"stk-block-text__text\"><strong><span style=\"color: var(--theme-palette-color-4, #111518);\" class=\"stk-highlight\">Activit\u00e9s cr\u00e9atives<\/span><\/strong><\/p><\/div>\n\n\n\n<p class=\"has-palette-color-4-color has-text-color has-link-color wp-elements-cdee653af74d5f10a3ae5dcbbdd97b1b\">\u265f \u00c9checs<\/p>\n\n\n\n<p class=\"has-palette-color-4-color has-text-color has-link-color wp-elements-24c8466edb0d5e93e53cd5b6c0f90dce\">\ud83c\udffa Poterie<\/p>\n\n\n\n<p class=\"has-palette-color-4-color has-text-color has-link-color wp-elements-755d199c656a95ca927693b9eec7d012\">\ud83d\udee0 Atelier Bricol\u2019Art<\/p>\n\n\n\n<p class=\"has-palette-color-4-color has-text-color has-link-color wp-elements-592e6950a5021e23062f72e63e6adb6a\">\ud83d\udc83 Danse<\/p>\n\n\n\n<p class=\"has-palette-color-4-color has-text-color has-link-color wp-elements-15ab8486880918487dfb1bbc1414c98c\">\ud83c\udf73 Cuisine<\/p>\n<\/div><\/div><\/div>\n\n\n\n<div class=\"wp-block-stackable-column stk-block-column stk-column stk-block stk-3be7496\" data-v=\"4\" data-block-id=\"3be7496\"><div class=\"stk-column-wrapper stk-block-column__content stk-container stk-3be7496-container stk--no-background stk--no-padding\"><div class=\"stk-block-content stk-inner-blocks stk-3be7496-inner-blocks\">\n<div class=\"wp-block-stackable-text stk-block-text stk-block stk-676b997\" data-block-id=\"676b997\"><p class=\"stk-block-text__text\"><strong><span style=\"color: var(--theme-palette-color-4, #111518);\" class=\"stk-highlight\">Stages &amp; semaines th\u00e9matiques<\/span><\/strong><\/p><\/div>\n\n\n\n<p class=\"has-palette-color-4-color has-text-color has-link-color wp-elements-806dd55e020bda89df101e516ac90f53\">Pendant les vacances scolaires (Carnaval, P\u00e2ques, \u00e9t\u00e9, automne), sur des th\u00e8mes comme :<\/p>\n\n\n\n<p class=\"has-palette-color-4-color has-text-color has-link-color wp-elements-41b68a340f1c3492aa0b37a966d7001b\">Multisport<\/p>\n\n\n\n<p class=\"has-palette-color-4-color has-text-color has-link-color wp-elements-5952051a26076d7eef0a01323f097969\">Nature et aventure<\/p>\n\n\n\n<p class=\"has-palette-color-4-color has-text-color has-link-color wp-elements-5a1f98c1b077048e7e24b2037815831c\">Citoyennet\u00e9<\/p>\n\n\n\n<p class=\"has-palette-color-4-color has-text-color has-link-color wp-elements-9563ea16d04407e12e7713f01a620e1e\">Cr\u00e9ation artistique<\/p>\n\n\n\n<p class=\"has-palette-color-4-color has-text-color has-link-color wp-elements-7b66c5d8171381e8aef37227b655962e\">Et bien d\u2019autres\u2026<\/p>\n<\/div><\/div><\/div>\n<\/div><\/div>\n\n\n\n<div class=\"wp-block-stackable-spacer stk-block-spacer stk--no-padding stk-block stk-f7b502d\" data-block-id=\"f7b502d\"><style>.stk-f7b502d {height:100px !important;}@media screen and (max-width:999px){.stk-f7b502d {height:50px !important;}}<\/style><\/div>\n\n\n\n<div class=\"wp-block-stackable-spacer stk-block-spacer stk--no-padding stk-block stk-54e71a5\" data-block-id=\"54e71a5\"><style>.stk-54e71a5 {height:70px !important;}@media screen and (max-width:999px){.stk-54e71a5 {height:50px !important;}}<\/style><\/div>\n\n\n\n<div class=\"wp-block-stackable-columns alignfull stk-block-columns stk-block stk-379b8ca\" id=\"agenda\" data-block-id=\"379b8ca\"><style>.stk-379b8ca .stk--block-align-379b8ca{align-items:center !important;}.stk-379b8ca {margin-bottom:0px !important;}.stk-379b8ca-column{--stk-column-gap:70px !important;}@media screen and (max-width:999px){.stk-379b8ca-column{--stk-column-gap:50px !important;row-gap:35px !important;}}@media screen and (max-width:689px){.stk-379b8ca-column{row-gap:35px !important;}}<\/style><div class=\"stk-row stk-inner-blocks stk--block-align-379b8ca stk-block-content stk-content-align stk-379b8ca-column alignfull\">\n<div class=\"wp-block-stackable-column stk-block-column stk-column stk-block stk-98b3330\" data-v=\"4\" id=\"agenda\" data-block-id=\"98b3330\"><style>.stk-98b3330-container{margin-top:0px !important;margin-right:0px !important;margin-bottom:0px !important;margin-left:0px !important;}<\/style><div class=\"stk-column-wrapper stk-block-column__content stk-container stk-98b3330-container stk--no-background stk--no-padding\"><div class=\"stk-block-content stk-inner-blocks stk-98b3330-inner-blocks\">\n<h2 class=\"wp-block-heading has-text-align-center\">\ud83d\uddd3 Programme d\u2019activit\u00e9s hebdomadaires<\/h2>\n\n\n\n<figure class=\"wp-block-table\"><table class=\"has-fixed-layout\"><thead><tr><th>Jour<\/th><th>Horaire<\/th><th>Activit\u00e9<\/th><\/tr><\/thead><tbody><tr><td>Lundi<\/td><td>16h \u2013 19h<\/td><td>Accueil<\/td><\/tr><tr><td>Mardi<\/td><td>16h \u2013 19h<\/td><td>Accueil<\/td><\/tr><tr><td>Mercredi<\/td><td>14h30 \u2013 16h30<\/td><td>Atelier cr\u00e9atif<\/td><\/tr><tr><td><\/td><td>15h \u2013 16h30<\/td><td>Foot<\/td><\/tr><tr><td><\/td><td>16h \u2013 19h<\/td><td>\u00c9checs<\/td><\/tr><tr><td>Jeudi<\/td><td>17h30 \u2013 18h30<\/td><td>Danse<\/td><\/tr><tr><td><\/td><td>18h30 \u2013 19h30<\/td><td>Fitness<\/td><\/tr><tr><td>Vendredi<\/td><td>17h \u2013 19h<\/td><td>\u00c9checs<\/td><\/tr><tr><td>Samedi<\/td><td>10h30 \u2013 11h30<\/td><td>Boxe<\/td><\/tr><tr><td><\/td><td>15h \u2013 16h<\/td><td>Foot<\/td><\/tr><\/tbody><\/table><\/figure>\n\n\n\n<p>\ud83c\udd95 De nouvelles activit\u00e9s verront le jour prochainement : restez inform\u00e9 via nos r\u00e9seaux !<\/p>\n<\/div><\/div><\/div>\n<\/div><\/div>\n\n\n\n<div class=\"wp-block-stackable-columns alignfull stk-block-columns stk-block stk-36fcc65 stk-block-background\" data-block-id=\"36fcc65\"><style>.stk-36fcc65 {background-color:#fbf6ed !important;background-position:center right !important;background-repeat:no-repeat !important;background-size:25% !important;padding-top:0px !important;padding-right:0px !important;padding-bottom:0px !important;padding-left:0px !important;margin-bottom:0px !important;}.stk-36fcc65:before{background-color:#fbf6ed !important;}<\/style><div class=\"stk-row stk-inner-blocks has-text-align-center stk-block-content stk-content-align stk-36fcc65-column alignfull\">\n<div class=\"wp-block-stackable-column stk-block-column stk-column stk-block stk-2af2170\" data-v=\"4\" data-block-id=\"2af2170\"><style>.stk-2af2170-container{margin-top:0px !important;margin-right:0px !important;margin-bottom:0px !important;margin-left:0px !important;max-width:645px !important;min-width:auto !important;padding-top:100px !important;padding-right:50px !important;padding-bottom:100px !important;padding-left:50px !important;}@media screen and (max-width:999px){.stk-2af2170-container{padding-top:80px !important;padding-bottom:80px !important;}}@media screen and (max-width:689px){.stk-2af2170-container{padding-right:30px !important;padding-left:30px !important;}}<\/style><div class=\"stk-column-wrapper stk-block-column__content stk-container stk-2af2170-container stk--no-background stk--no-padding\"><div class=\"has-text-align-center-mobile stk-block-content stk-inner-blocks stk-2af2170-inner-blocks\">\n<div class=\"wp-block-stackable-heading stk-block-heading stk-block-heading--v2 stk-block stk-b8d35cf\" id=\"\ud83d\udde3-conseil-de-jeunes\" data-block-id=\"b8d35cf\"><style>.stk-b8d35cf {margin-bottom:40px !important;}.stk-b8d35cf .stk-block-heading__text{font-size:50px !important;line-height:1.2em !important;}@media screen and (max-width:999px){.stk-b8d35cf .stk-block-heading__text{font-size:40px !important;}}<\/style><h2 class=\"stk-block-heading__text\">\ud83d\udde3 Conseil de jeunes<\/h2><\/div>\n\n\n\n<figure class=\"wp-block-image\"><img decoding=\"async\" src=\"https:\/\/cjlaflenne.be\/wp-content\/uploads\/2025\/08\/Design-sans-titre-1024x724.png\" alt=\"L\u2019image actuelle n\u2019a pas de texte alternatif. Le nom du fichier est\u00a0: Design-sans-titre-scaled.png\"\/><\/figure>\n\n\n\n<div class=\"wp-block-stackable-text stk-block-text stk-block stk-8435d41\" data-block-id=\"8435d41\"><style>.stk-8435d41 {margin-bottom:40px !important;}<\/style><p class=\"stk-block-text__text\">Un <strong>groupe de jeunes<\/strong> issus de nos activit\u00e9s s\u2019est constitu\u00e9 en <strong>Conseil de Jeunes<\/strong>.<br>Objectif : r\u00e9fl\u00e9chir, d\u00e9cider et <strong>r\u00e9aliser des projets collectifs<\/strong> ensemble.<\/p><\/div>\n\n\n\n<p>\ud83d\udca1 Projet en cours : nettoyage du sous-bois pour y am\u00e9nager un <strong>espace chill ext\u00e9rieur<\/strong>.<br>Tu as des id\u00e9es ? Envie de monter un projet, un camp, une action solidaire, un voyage ?<br>\ud83d\udc49 Le conseil est l\u00e0 pour t\u2019aider \u00e0 les r\u00e9aliser !<\/p>\n<\/div><\/div><\/div>\n<\/div><\/div>\n\n\n\n<div class=\"wp-block-stackable-spacer stk-block-spacer stk--no-padding stk-block stk-a863403\" data-block-id=\"a863403\"><style>.stk-a863403 {height:70px !important;}@media screen and (max-width:999px){.stk-a863403 {height:50px !important;}}<\/style><\/div>\n","protected":false},"excerpt":{"rendered":"<p>Bienvenue au Centre des Jeunes de La Flenne ! Un lieu d\u2019expression, de rencontres, d\u2019activit\u00e9s et de d\u00e9tente pour les jeunes de 12 \u00e0 26 ans.Viens d\u00e9couvrir nos ateliers cr\u00e9atifs, sportifs, nos stages th\u00e9matiques, ou tout simplement te poser avec tes potes dans un espace chill et accueillant. \ud83c\udfaf Activit\u00e9s vari\u00e9es \u2013 \ud83e\uddd1\u200d\ud83e\udd1d\u200d\ud83e\uddd1 Encadrement pro [&hellip;]<\/p>\n","protected":false},"author":1,"featured_media":1006,"parent":0,"menu_order":0,"comment_status":"closed","ping_status":"closed","template":"","meta":{"footnotes":""},"class_list":["post-734","page","type-page","status-publish","has-post-thumbnail","hentry"],"blocksy_meta":{"page_title_panel":"","has_hero_section":"disabled","8145824604158272ba7f5416b6449180":"","hero_section":"type-1","hero_elements":[{"id":"custom_title","enabled":true,"heading_tag":"h1","title":"Home"},{"id":"custom_description","enabled":true,"description_visibility":{"desktop":true,"tablet":true,"mobile":false}},{"id":"custom_meta","enabled":false,"meta_elements":[{"id":"author","enabled":true,"label":"By","has_author_avatar":"yes","avatar_size":25},{"id":"post_date","enabled":true,"label":"On","date_format_source":"default","date_format":"M j, Y"},{"id":"updated_date","enabled":false,"label":"On","date_format_source":"default","date_format":"M j, Y"},{"id":"categories","enabled":false,"label":"In","style":"simple"},{"id":"comments","enabled":true}],"page_meta_elements":{"joined":true,"articles_count":true,"comments":true}},{"id":"breadcrumbs","enabled":false}],"fcf7480f8d2e1b222c39f6bcbf6965ab":"","hero_alignment1":"CT_CSS_SKIP_RULE","hero_margin":40,"hero_alignment2":"center","hero_vertical_alignment":"center","b6e74dacd1e4d964546af2051e3c80ca":"","hero_structure":"narrow","09a979f9dfe051c5d8e7185a0bffb527":"","page_title_bg_type":"featured_image","custom_hero_background":{"attachment_id":null},"parallax":{"desktop":false,"tablet":false,"mobile":false},"4e6921427620b3c37a159654d5bd931f":"","hero_height":"250px","pageTitleFont":{"family":"Default","variation":"Default","size":"30px","line-height":"CT_CSS_SKIP_RULE","letter-spacing":"CT_CSS_SKIP_RULE","text-transform":"CT_CSS_SKIP_RULE","text-decoration":"CT_CSS_SKIP_RULE"},"pageTitleFontColor":{"default":{"color":"CT_CSS_SKIP_RULEDEFAULT"}},"pageMetaFont":{"family":"Default","variation":"n6","size":"12px","line-height":"1.3","letter-spacing":"CT_CSS_SKIP_RULE","text-transform":"uppercase","text-decoration":"CT_CSS_SKIP_RULE"},"pageMetaFontColor":{"default":{"color":"CT_CSS_SKIP_RULEDEFAULT"},"hover":{"color":"CT_CSS_SKIP_RULEDEFAULT"}},"page_meta_button_type_font_colors":{"default":{"color":"CT_CSS_SKIP_RULEDEFAULT"},"hover":{"color":"CT_CSS_SKIP_RULEDEFAULT"}},"page_meta_button_type_background_colors":{"default":{"color":"CT_CSS_SKIP_RULEDEFAULT"},"hover":{"color":"CT_CSS_SKIP_RULEDEFAULT"}},"pageExcerptFont":{"family":"Default","variation":"Default","size":"CT_CSS_SKIP_RULE","line-height":"CT_CSS_SKIP_RULE","letter-spacing":"CT_CSS_SKIP_RULE","text-transform":"CT_CSS_SKIP_RULE","text-decoration":"CT_CSS_SKIP_RULE"},"pageExcerptColor":{"default":{"color":"CT_CSS_SKIP_RULEDEFAULT"}},"breadcrumbsFont":{"family":"Default","variation":"Default","size":"CT_CSS_SKIP_RULE","line-height":"CT_CSS_SKIP_RULE","letter-spacing":"CT_CSS_SKIP_RULE","text-transform":"CT_CSS_SKIP_RULE","text-decoration":"CT_CSS_SKIP_RULE"},"breadcrumbsFontColor":{"default":{"color":"CT_CSS_SKIP_RULEDEFAULT"},"initial":{"color":"CT_CSS_SKIP_RULEDEFAULT"},"hover":{"color":"CT_CSS_SKIP_RULEDEFAULT"}},"pageTitleOverlay":{"background_type":"color","background_pattern":"type-1","background_image":{"attachment_id":null,"x":0,"y":0},"gradient":"linear-gradient(135deg,rgba(6,147,227,1) 0%,rgb(155,81,224) 100%)","background_repeat":"repeat","background_size":"auto","background_attachment":"scroll","patternColor":{"default":{"color":"#e5e7ea"}},"overlayColor":{"default":{"color":"CT_CSS_SKIP_RULE"}},"backgroundColor":{"default":{"color":"CT_CSS_SKIP_RULE"}}},"pageTitleBackground":{"background_type":"color","background_pattern":"type-1","background_image":{"attachment_id":null,"x":0,"y":0},"gradient":"linear-gradient(135deg,rgba(6,147,227,1) 0%,rgb(155,81,224) 100%)","background_repeat":"repeat","background_size":"auto","background_attachment":"scroll","patternColor":{"default":{"color":"#e5e7ea"}},"overlayColor":{"default":{"color":"CT_CSS_SKIP_RULE"}},"backgroundColor":{"default":{"color":"var(--theme-palette-color-6)"}}},"pageTitlePadding":{"top":"50px","bottom":"50px","left":"auto","right":"auto","linked":true},"9977e246f013fbc2382654aea8f2248b":"","page_structure_type":"default","6ce8b827e911c2bb79efa291d7d326ea":"","content_style_source":"inherit","content_style":"wide","vertical_spacing_source":"custom","content_area_spacing":"none","background":{"background_type":"color","background_pattern":"type-1","background_image":{"attachment_id":null,"x":0,"y":0},"gradient":"linear-gradient(135deg,rgba(6,147,227,1) 0%,rgb(155,81,224) 100%)","background_repeat":"repeat","background_size":"auto","background_attachment":"scroll","patternColor":{"default":{"color":"#e5e7ea"}},"overlayColor":{"default":{"color":"CT_CSS_SKIP_RULE"}},"backgroundColor":{"default":{"color":"CT_CSS_SKIP_RULE"}}},"content_background":{"background_type":"color","background_pattern":"type-1","background_image":{"attachment_id":null,"x":0,"y":0},"gradient":"linear-gradient(135deg,rgba(6,147,227,1) 0%,rgb(155,81,224) 100%)","background_repeat":"repeat","background_size":"auto","background_attachment":"scroll","patternColor":{"default":{"color":"#e5e7ea"}},"overlayColor":{"default":{"color":"CT_CSS_SKIP_RULE"}},"backgroundColor":{"default":{"color":"var(--theme-palette-color-8)"}}},"content_boxed_shadow":{"inherit":false,"blur":18,"spread":-6,"v_offset":12,"h_offset":0,"inset":false,"enable":true,"color":{"color":"rgba(34, 56, 101, 0.04)"}},"boxed_content_spacing":{"desktop":{"top":"40px","bottom":"40px","left":"40px","right":"40px","linked":true},"tablet":{"top":"35px","bottom":"35px","left":"35px","right":"35px","linked":true},"mobile":{"top":"20px","bottom":"20px","left":"20px","right":"20px","linked":true}},"content_boxed_radius":{"top":"3px","bottom":"3px","left":"3px","right":"3px","linked":true},"99630a8366f1664b49eb5b210d80e35c":"","disable_featured_image":"no","disable_share_box":"no","disable_header":"no","disable_footer":"no","styles_descriptor":{"styles":{"desktop":"","tablet":"","mobile":""},"google_fonts":[],"version":6}},"_links":{"self":[{"href":"https:\/\/cjlaflenne.be\/index.php\/wp-json\/wp\/v2\/pages\/734","targetHints":{"allow":["GET"]}}],"collection":[{"href":"https:\/\/cjlaflenne.be\/index.php\/wp-json\/wp\/v2\/pages"}],"about":[{"href":"https:\/\/cjlaflenne.be\/index.php\/wp-json\/wp\/v2\/types\/page"}],"author":[{"embeddable":true,"href":"https:\/\/cjlaflenne.be\/index.php\/wp-json\/wp\/v2\/users\/1"}],"replies":[{"embeddable":true,"href":"https:\/\/cjlaflenne.be\/index.php\/wp-json\/wp\/v2\/comments?post=734"}],"version-history":[{"count":16,"href":"https:\/\/cjlaflenne.be\/index.php\/wp-json\/wp\/v2\/pages\/734\/revisions"}],"predecessor-version":[{"id":1028,"href":"https:\/\/cjlaflenne.be\/index.php\/wp-json\/wp\/v2\/pages\/734\/revisions\/1028"}],"wp:featuredmedia":[{"embeddable":true,"href":"https:\/\/cjlaflenne.be\/index.php\/wp-json\/wp\/v2\/media\/1006"}],"wp:attachment":[{"href":"https:\/\/cjlaflenne.be\/index.php\/wp-json\/wp\/v2\/media?parent=734"}],"curies":[{"name":"wp","href":"https:\/\/api.w.org\/{rel}","templated":true}]}}